{"id":637,"date":"2022-11-22T11:24:57","date_gmt":"2022-11-22T10:24:57","guid":{"rendered":"https:\/\/oureakitchenware.be\/service\/intervention-technique\/hansgrohe\/"},"modified":"2022-11-24T11:12:35","modified_gmt":"2022-11-24T10:12:35","slug":"hansgrohe","status":"publish","type":"page","link":"https:\/\/oureakitchenware.be\/fr\/service\/intervention-technique\/hansgrohe\/","title":{"rendered":"Hansgrohe"},"content":{"rendered":"<style>.kb-image_4eac0a-d9.kb-image-is-ratio-size, .kb-image_4eac0a-d9 .kb-image-is-ratio-size{max-width:315px;width:100%;}.wp-block-kadence-column > .kt-inside-inner-col > .kb-image_4eac0a-d9.kb-image-is-ratio-size, .wp-block-kadence-column > .kt-inside-inner-col > .kb-image_4eac0a-d9 .kb-image-is-ratio-size{align-self:unset;}.kb-image_4eac0a-d9{max-width:315px;}.image-is-svg.kb-image_4eac0a-d9{-webkit-flex:0 1 100%;flex:0 1 100%;}.image-is-svg.kb-image_4eac0a-d9 img{width:100%;}.kb-image_4eac0a-d9 .kb-image-has-overlay:after{opacity:0.3;}<\/style>\n<figure class=\"wp-block-kadence-image kb-image_4eac0a-d9 size-full\"><img loading=\"lazy\" decoding=\"async\" width=\"548\" height=\"85\" src=\"https:\/\/oureakitchenware.be\/wp-content\/uploads\/2022\/11\/logo-hansgrohe.png\" alt=\"\" class=\"kb-img wp-image-236\" srcset=\"https:\/\/oureakitchenware.be\/wp-content\/uploads\/2022\/11\/logo-hansgrohe.png 548w, https:\/\/oureakitchenware.be\/wp-content\/uploads\/2022\/11\/logo-hansgrohe-300x47.png 300w\" sizes=\"auto, (max-width: 548px) 100vw, 548px\" \/><\/figure>\n\n\n<style>.wp-block-kadence-spacer.kt-block-spacer-_a3bcbf-02 .kt-block-spacer{height:10px;}.wp-block-kadence-spacer.kt-block-spacer-_a3bcbf-02 .kt-divider{border-top-width:3px;height:1px;border-top-color:#FB9021;width:50px;border-top-style:solid;}<\/style>\n<div class=\"wp-block-kadence-spacer aligncenter kt-block-spacer-_a3bcbf-02\"><div class=\"kt-block-spacer kt-block-spacer-halign-left\"><hr class=\"kt-divider\"\/><\/div><\/div>\n\n\n<style>.wp-block-kadence-spacer.kt-block-spacer-_58f9b1-e1 .kt-block-spacer{height:20px;}.wp-block-kadence-spacer.kt-block-spacer-_58f9b1-e1 .kt-divider{border-top-width:1px;height:1px;border-top-color:#000;width:80%;border-top-style:solid;}<\/style>\n<div class=\"wp-block-kadence-spacer aligncenter kt-block-spacer-_58f9b1-e1\"><div class=\"kt-block-spacer kt-block-spacer-halign-center\"><\/div><\/div>\n\n\n\n<p>Compl\u00e9tez ce formulaire et nous transmettrons votre demande \u00e0 Hansgrohe.<\/p>\n\n\n\n<div class=\"forminator-guttenberg\"><div class=\"forminator-ui forminator-custom-form forminator-custom-form-646 forminator-design--default forminator-enclosed forminator_ajax\" data-forminator-render=\"0\" data-form=\"forminator-module-646\" data-uid=\"69e8fcc358877\"><br\/><\/div><form\n\t\t\t\tid=\"forminator-module-646\"\n\t\t\t\tclass=\"forminator-ui forminator-custom-form forminator-custom-form-646 forminator-design--default forminator-enclosed forminator_ajax\"\n\t\t\t\tmethod=\"post\"\n\t\t\t\tdata-forminator-render=\"0\"\n\t\t\t\tdata-form-id=\"646\"\n\t\t\t\tenctype=\"multipart\/form-data\" data-color-option=\"default\" data-design=\"default\" data-grid=\"enclosed\" style=\"display: none;\"\n\t\t\t\tdata-uid=\"69e8fcc358877\"\n\t\t\t><div role=\"alert\" aria-live=\"polite\" class=\"forminator-response-message forminator-error\" aria-hidden=\"true\"><\/div><div class=\"forminator-row\"><div id=\"section-2\" class=\"forminator-field-section forminator-col forminator-col-12 \"><div class=\"forminator-field\"><h2 class=\"forminator-title\">Informations personnelles<\/h2><\/div><\/div><\/div><div class=\"forminator-row\"><div id=\"name-1\" class=\"forminator-field-name forminator-col forminator-col-6 \"><div class=\"forminator-field\"><label for=\"forminator-field-name-1_69e8fcc358877\" id=\"forminator-field-name-1_69e8fcc358877-label\" class=\"forminator-label\">Pr\u00e9nom <span class=\"forminator-required\">*<\/span><\/label><input type=\"text\" name=\"name-1\" value=\"\" placeholder=\"Pr\u00e9nom\" id=\"forminator-field-name-1_69e8fcc358877\" class=\"forminator-input forminator-name--field\" aria-required=\"true\" autocomplete=\"name\" \/><\/div><\/div><div id=\"name-2\" class=\"forminator-field-name forminator-col forminator-col-6 \"><div class=\"forminator-field\"><label for=\"forminator-field-name-2_69e8fcc358877\" id=\"forminator-field-name-2_69e8fcc358877-label\" class=\"forminator-label\">Nom <span class=\"forminator-required\">*<\/span><\/label><input type=\"text\" name=\"name-2\" value=\"\" placeholder=\"Nom\" id=\"forminator-field-name-2_69e8fcc358877\" class=\"forminator-input forminator-name--field\" aria-required=\"true\" autocomplete=\"name\" \/><\/div><\/div><\/div><div class=\"forminator-row\"><div id=\"text-4\" class=\"forminator-field-text forminator-col forminator-col-6  width75\"><div class=\"forminator-field\"><label for=\"forminator-field-text-4_69e8fcc358877\" id=\"forminator-field-text-4_69e8fcc358877-label\" class=\"forminator-label\">Rue <span class=\"forminator-required\">*<\/span><\/label><input type=\"text\" name=\"text-4\" value=\"\" placeholder=\"Rue\" id=\"forminator-field-text-4_69e8fcc358877\" class=\"forminator-input forminator-name--field\" data-required=\"1\" \/><\/div><\/div><div id=\"text-5\" class=\"forminator-field-text forminator-col forminator-col-6  width25\"><div class=\"forminator-field\"><label for=\"forminator-field-text-5_69e8fcc358877\" id=\"forminator-field-text-5_69e8fcc358877-label\" class=\"forminator-label\">Num\u00e9ro\/bo\u00eete <span class=\"forminator-required\">*<\/span><\/label><input type=\"text\" name=\"text-5\" value=\"\" placeholder=\"Num\u00e9ro\/bo\u00eete\" id=\"forminator-field-text-5_69e8fcc358877\" class=\"forminator-input forminator-name--field\" data-required=\"1\" \/><\/div><\/div><\/div><div class=\"forminator-row\"><div id=\"number-1\" class=\"forminator-field-number forminator-col forminator-col-6  width25\"><div class=\"forminator-field\"><label for=\"forminator-field-number-1_69e8fcc358877\" id=\"forminator-field-number-1_69e8fcc358877-label\" class=\"forminator-label\">Code postal <span class=\"forminator-required\">*<\/span><\/label><input name=\"number-1\" value=\"\" placeholder=\"Code postal\" id=\"forminator-field-number-1_69e8fcc358877\" class=\"forminator-input forminator-number--field\" inputmode=\"decimal\" data-required=\"1\" data-decimals=\"0\" aria-required=\"true\" data-inputmask=\"&#039;groupSeparator&#039;: &#039;&#039;, &#039;radixPoint&#039;: &#039;&#039;, &#039;digits&#039;: &#039;0&#039;\" type=\"number\" step=\"any\" min=\"1000\" max=\"9999\" \/><\/div><\/div><div id=\"text-6\" class=\"forminator-field-text forminator-col forminator-col-6  width75\"><div class=\"forminator-field\"><label for=\"forminator-field-text-6_69e8fcc358877\" id=\"forminator-field-text-6_69e8fcc358877-label\" class=\"forminator-label\">Commune <span class=\"forminator-required\">*<\/span><\/label><input type=\"text\" name=\"text-6\" value=\"\" placeholder=\"Commune\" id=\"forminator-field-text-6_69e8fcc358877\" class=\"forminator-input forminator-name--field\" data-required=\"1\" \/><\/div><\/div><\/div><div class=\"forminator-row\"><div id=\"phone-2\" class=\"forminator-field-phone forminator-col forminator-col-6 \"><div class=\"forminator-field\"><label for=\"forminator-field-phone-2_69e8fcc358877\" id=\"forminator-field-phone-2_69e8fcc358877-label\" class=\"forminator-label\">N\u00b0 de t\u00e9l\u00e9phone <span class=\"forminator-required\">*<\/span><\/label><input type=\"text\" name=\"phone-2\" value=\"\" placeholder=\"N\u00b0 de t\u00e9l\u00e9phone\" id=\"forminator-field-phone-2_69e8fcc358877\" class=\"forminator-input forminator-field--phone\" data-required=\"1\" aria-required=\"true\" autocomplete=\"off\" \/><\/div><\/div><div id=\"email-2\" class=\"forminator-field-email forminator-col forminator-col-6 \"><div class=\"forminator-field\"><label for=\"forminator-field-email-2_69e8fcc358877\" id=\"forminator-field-email-2_69e8fcc358877-label\" class=\"forminator-label\">Adresse e-mail <span class=\"forminator-required\">*<\/span><\/label><input type=\"email\" name=\"email-2\" value=\"\" placeholder=\"Adresse e-mail\" id=\"forminator-field-email-2_69e8fcc358877\" class=\"forminator-input forminator-email--field\" data-required=\"1\" aria-required=\"true\" autocomplete=\"email\" \/><\/div><\/div><\/div><div class=\"forminator-row\"><div id=\"section-3\" class=\"forminator-field-section forminator-col forminator-col-12 \"><div class=\"forminator-field\"><h2 class=\"forminator-title\">Produit<\/h2><\/div><\/div><\/div><div class=\"forminator-row\"><div id=\"text-7\" class=\"forminator-field-text forminator-col forminator-col-6 \"><div class=\"forminator-field\"><label for=\"forminator-field-text-7_69e8fcc358877\" id=\"forminator-field-text-7_69e8fcc358877-label\" class=\"forminator-label\">Nom du produit<\/label><input type=\"text\" name=\"text-7\" value=\"\" placeholder=\"Nom du produit\" id=\"forminator-field-text-7_69e8fcc358877\" class=\"forminator-input forminator-name--field\" data-required=\"\" \/><\/div><\/div><div id=\"text-8\" class=\"forminator-field-text forminator-col forminator-col-6 \"><div class=\"forminator-field\"><label for=\"forminator-field-text-8_69e8fcc358877\" id=\"forminator-field-text-8_69e8fcc358877-label\" class=\"forminator-label\">N\u00b0 de s\u00e9rie<\/label><input type=\"text\" name=\"text-8\" value=\"\" placeholder=\"N\u00b0 de s\u00e9rie\" id=\"forminator-field-text-8_69e8fcc358877\" class=\"forminator-input forminator-name--field\" data-required=\"\" \/><\/div><\/div><\/div><div class=\"forminator-row\"><div id=\"textarea-1\" class=\"forminator-field-textarea forminator-col forminator-col-12 \"><div class=\"forminator-field\"><label for=\"forminator-field-textarea-1_69e8fcc358877\" id=\"forminator-field-textarea-1_69e8fcc358877-label\" class=\"forminator-label\">Description de votre demande<\/label><textarea name=\"textarea-1\" placeholder=\"Description de votre demande\" id=\"forminator-field-textarea-1_69e8fcc358877\" class=\"forminator-textarea\" rows=\"6\" style=\"min-height:140px;\" ><\/textarea><\/div><\/div><\/div><div class=\"forminator-row\"><div id=\"select-1\" class=\"forminator-field-select forminator-col forminator-col-12 \"><div class=\"forminator-field\"><label for=\"forminator-form-646__field--select-1_69e8fcc358877\" id=\"forminator-form-646__field--select-1_69e8fcc358877-label\" class=\"forminator-label\">Sous garantie ? <span class=\"forminator-required\">*<\/span><\/label><select  id=\"forminator-form-646__field--select-1_69e8fcc358877\" class=\"forminator-select--field forminator-select2 forminator-select2-multiple\" data-required=\"1\" name=\"select-1\" data-default-value=\"\" data-placeholder=\"Sous garantie\" data-search=\"false\" data-search-placeholder=\"Sous garantie\" data-checkbox=\"false\" data-allow-clear=\"false\" aria-labelledby=\"forminator-form-646__field--select-1_69e8fcc358877-label\"><option value=\"\"  >Sous garantie<\/option><option value=\"one\"  data-calculation=\"0\">Oui<\/option><option value=\"two\"  data-calculation=\"0\">Non<\/option><\/select><\/div><\/div><\/div><div class=\"forminator-row\"><div id=\"upload-1\" class=\"forminator-field-upload forminator-col forminator-col-12 \"><div class=\"forminator-field\"><label for=\"forminator-field-upload-1_69e8fcc358877\" id=\"forminator-field-upload-1_69e8fcc358877-label\" class=\"forminator-label\">Facture <span class=\"forminator-required\">*<\/span><\/label><div class=\"forminator-file-upload \" data-element=\"upload-1_69e8fcc358877\" aria-describedby=\"forminator-field-upload-1_69e8fcc358877-description\"><input type=\"file\" name=\"upload-1\" id=\"forminator-field-upload-1_69e8fcc358877\" class=\"forminator-input-file-required do-validate\" accept=\".jpg,.jpeg,.jpe,.gif,.png,.bmp,.tiff,.tif,.webp,.ico,.heic,.asf,.asx,.wmv,.wmx,.wm,.avi,.divx,.flv,.mov,.qt,.mpeg,.mpg,.mpe,.mp4,.m4v,.ogv,.webm,.mkv,.3gp,.3gpp,.3g2,.3gp2,.txt,.asc,.c,.cc,.h,.srt,.csv,.tsv,.ics,.rtx,.vtt,.mp3,.m4a,.m4b,.aac,.ra,.ram,.wav,.ogg,.oga,.flac,.mid,.midi,.wma,.wax,.mka,.rtf,.pdf,.class,.tar,.zip,.gz,.gzip,.7z,.psd,.xcf,.doc,.pot,.pps,.ppt,.wri,.xla,.xls,.xlt,.xlw,.mdb,.mpp,.docx,.docm,.dotx,.dotm,.xlsx,.xlsm,.xlsb,.xltx,.xltm,.xlam,.pptx,.pptm,.ppsx,.ppsm,.potx,.potm,.ppam,.sldx,.sldm,.onetoc,.onetoc2,.onetmp,.onepkg,.oxps,.xps,.odt,.odp,.ods,.odg,.odc,.odb,.odf,.wp,.wpd,.key,.numbers,.pages,.svgz\" tabindex=\"-1\"><button id=\"forminator-field-upload-1_69e8fcc358877_button\" class=\"forminator-button forminator-button-upload\" data-id=\"forminator-field-upload-1_69e8fcc358877\">Choisissez un fichier<\/button><span data-empty-text=\"Aucun fichier s\u00e9lectionn\u00e9\">Aucun fichier s\u00e9lectionn\u00e9<\/span><button class=\"forminator-button-delete\" style=\"display: none;\"><i class=\"forminator-icon-close\" aria-hidden=\"true\"><\/i><span class=\"forminator-screen-reader-only\">Supprimer le fichier t\u00e9l\u00e9vers\u00e9<\/span><\/button><\/div><span id=\"forminator-field-upload-1_69e8fcc358877-description\" class=\"forminator-description\">T\u00e9l\u00e9chargez la facture comme preuve de garantie<\/span><\/div><\/div><\/div><div class=\"forminator-row\"><div id=\"upload-2\" class=\"forminator-field-upload forminator-col forminator-col-12 \"><div class=\"forminator-field\"><label for=\"forminator-field-upload-2_69e8fcc358877\" id=\"forminator-field-upload-2_69e8fcc358877-label\" class=\"forminator-label\">Photos suppl\u00e9mentaires<\/label><div class=\"forminator-multi-upload \" data-element=\"upload-2_69e8fcc358877\" aria-describedby=\"forminator-field-upload-2_69e8fcc358877-description\"><input type=\"file\" name=\"upload-2[]\" id=\"forminator-field-upload-2_69e8fcc358877\" class=\"forminator-input-file forminator-field-upload-2_69e8fcc358877-646\" multiple=\"multiple\" data-method=\"ajax\" data-size=\"8000000\" data-size-message=\"Maximum file size allowed is 8 MB. \"><div class=\"forminator-multi-upload-message\" aria-hidden=\"true\"><span class=\"forminator-icon-upload\" aria-hidden=\"true\"><\/span><p>Glissez et d\u00e9posez (ou) <a class=\"forminator-upload-file--forminator-field-upload-2_69e8fcc358877\" href=\"#\" onclick=\"return false;\">Choisissez des fichiers<\/a><\/p><\/div><\/div><span id=\"forminator-field-upload-2_69e8fcc358877-description\" class=\"forminator-description\">T\u00e9l\u00e9chargez des photos ou vid\u00e9os suppl\u00e9mentaires si n\u00e9cessaire<\/span><ul class=\"forminator-uploaded-files upload-container-upload-2_69e8fcc358877\"><\/ul><\/div><\/div><\/div><div class=\"forminator-row\" style=\"margin: 0;\"><div id=\"captcha-1\" class=\"forminator-field-captcha  forminator-col-12 \"><div class=\"forminator-captcha-left forminator-g-recaptcha recaptcha-invisible\" data-theme=\"light\" data-badge=\"bottomright\" data-sitekey=\"6LfrW0YjAAAAACsrSaPUWN8qy1nlHI3pCSiSce0H\" data-size=\"invisible\"><\/div> <\/div><\/div><input type=\"hidden\" name=\"referer_url\" value=\"\" \/><div class=\"forminator-row forminator-row-last\"><div class=\"forminator-col\"><div class=\"forminator-field\"><button class=\"forminator-button forminator-button-submit\">Envoyer<\/button><\/div><\/div><\/div><input type=\"hidden\" id=\"forminator_nonce\" name=\"forminator_nonce\" value=\"a19afbf2fc\" \/><input type=\"hidden\" name=\"_wp_http_referer\" value=\"\/fr\/wp-json\/wp\/v2\/pages\/637\" \/><input type=\"hidden\" name=\"form_id\" value=\"646\"><input type=\"hidden\" name=\"page_id\" value=\"637\"><input type=\"hidden\" name=\"form_type\" value=\"default\"><input type=\"hidden\" name=\"current_url\" value=\"https:\/\/oureakitchenware.be\/fr\/service\/intervention-technique\/hansgrohe\/\"><input type=\"hidden\" name=\"render_id\" value=\"0\"><input type=\"hidden\" name=\"forminator-multifile-hidden\" class=\"forminator-multifile-hidden\"><input type=\"hidden\" name=\"action\" value=\"forminator_submit_form_custom-forms\"><\/form><\/div>\n\n\n<style>.wp-block-kadence-spacer.kt-block-spacer-_28817f-af .kt-block-spacer{height:100px;}.wp-block-kadence-spacer.kt-block-spacer-_28817f-af .kt-divider{border-top-width:1px;height:1px;border-top-color:#000;width:80%;border-top-style:solid;}<\/style>\n<div class=\"wp-block-kadence-spacer aligncenter kt-block-spacer-_28817f-af\"><div class=\"kt-block-spacer kt-block-spacer-halign-center\"><\/div><\/div>\n","protected":false},"excerpt":{"rendered":"<p>Compl\u00e9tez ce formulaire et nous transmettrons votre demande \u00e0 Hansgrohe.<\/p>\n","protected":false},"author":4,"featured_media":0,"parent":613,"menu_order":0,"comment_status":"closed","ping_status":"closed","template":"","meta":{"_acf_changed":false,"_improvement_type_select":"improve_an_existing","_thumb_yes_seoaic":false,"_frame_yes_seoaic":false,"seoaic_generate_description":"","seoaic_improve_instructions_prompt":"","seoaic_rollback_content_improvement":"","seoaic_idea_thumbnail_generator":"","thumbnail_generated":false,"thumbnail_generate_prompt":"","seoaic_article_description":"","inline_featured_image":false,"footnotes":""},"class_list":["post-637","page","type-page","status-publish","hentry"],"acf":[],"_links":{"self":[{"href":"https:\/\/oureakitchenware.be\/fr\/wp-json\/wp\/v2\/pages\/637","targetHints":{"allow":["GET"]}}],"collection":[{"href":"https:\/\/oureakitchenware.be\/fr\/wp-json\/wp\/v2\/pages"}],"about":[{"href":"https:\/\/oureakitchenware.be\/fr\/wp-json\/wp\/v2\/types\/page"}],"author":[{"embeddable":true,"href":"https:\/\/oureakitchenware.be\/fr\/wp-json\/wp\/v2\/users\/4"}],"replies":[{"embeddable":true,"href":"https:\/\/oureakitchenware.be\/fr\/wp-json\/wp\/v2\/comments?post=637"}],"version-history":[{"count":2,"href":"https:\/\/oureakitchenware.be\/fr\/wp-json\/wp\/v2\/pages\/637\/revisions"}],"predecessor-version":[{"id":649,"href":"https:\/\/oureakitchenware.be\/fr\/wp-json\/wp\/v2\/pages\/637\/revisions\/649"}],"up":[{"embeddable":true,"href":"https:\/\/oureakitchenware.be\/fr\/wp-json\/wp\/v2\/pages\/613"}],"wp:attachment":[{"href":"https:\/\/oureakitchenware.be\/fr\/wp-json\/wp\/v2\/media?parent=637"}],"curies":[{"name":"wp","href":"https:\/\/api.w.org\/{rel}","templated":true}]}}